{"id":14,"date":"2025-01-30T18:20:04","date_gmt":"2025-01-30T18:20:04","guid":{"rendered":"https:\/\/dev.gladiadoressup.com.br\/?post_type=product&#038;p=14"},"modified":"2026-03-31T12:14:38","modified_gmt":"2026-03-31T15:14:38","slug":"nascer-do-sol","status":"publish","type":"product","link":"https:\/\/dev.gladiadoressup.com.br\/es\/product\/nascer-do-sol\/","title":{"rendered":"Stand Up Paddle ao Nascer do Sol"},"content":{"rendered":"<p>&nbsp;<\/p>\n<hr \/>\n<p>*INFORMA\u00c7\u00d5ES HOR\u00c1RIOS E LOCALIZA\u00c7\u00c3O<\/p>\n<p style=\"padding-left: 40px;\">\ud83d\udccd No dia do passeio:<br \/>\n\u23f0check in 4:30<br \/>\n\u23f0Toler\u00e2ncia at\u00e9 \u00e0s 4:50<br \/>\n\ud83d\udd31Nossa instru\u00e7\u00e3o inicia \u00e0s 4:50<br \/>\n\ud83c\udfc1 T\u00e9rmino: 6:30<br \/>\n\ud83d\udccd Estamos no Posto 6, em frente ao hotel Fairmont, Copacabana!<br \/>\n\u26a0\ufe0fChegar 10 minutos antes do check in<\/p>\n<p>\u2705 TUDO INCLUSO NO PASSEIO:\ud83d\udc47\ud83c\udffd<\/p>\n<p style=\"padding-left: 40px;\">\u2022\ud83d\udcf8 Fotos e v\u00eddeos Em alta resolu\u00e7\u00e3o<\/p>\n<p style=\"padding-left: 40px;\">\u2022\ud83c\udfc4 Prancha Profissional<\/p>\n<p style=\"padding-left: 40px;\">\u2022\ud83e\uddba Colete salva-vidas homologado pela marinha<\/p>\n<p style=\"padding-left: 40px;\">\u2022\ud83c\udf92 Arm\u00e1rio para guardar todos os seus pertences<\/p>\n<p>\u2022\ud83d\udc68\ud83c\udffdInstru\u00e7\u00e3o completa para iniciantes<\/p>\n<p style=\"padding-left: 40px;\">\u2022\u23f1\ufe0f Tempo extra com o fot\u00f3grafo p\/ tirar + fotos depois do passeio.<\/p>\n<p style=\"padding-left: 40px;\">A PARTIR DE R$179,00 POR PESSOA<\/p>\n<p>\ud83d\udea8 <strong>Aten\u00e7\u00e3o: tome cuidado com empresas ilegais que vendem o passeio sem alvar\u00e1 e n\u00e3o seguem as normas de seguran\u00e7a.<\/strong><\/p>\n<p>\u2714\ufe0f Estamos h\u00e1 8 anos na praia de Copacabana oferecendo experi\u00eancias com seguran\u00e7a e qualidade.<br \/>\n\u2714\ufe0f nosso CNPJ registrado (59.091.746\/0001-09) e seguimos todas as normas de seguran\u00e7a exigidas.<\/p>","protected":false},"excerpt":{"rendered":"<p>Viva a magia do amanhecer com uma experi\u00eancia \u00fanica de Stand Up Paddle (SUP) ao nascer do sol. Em um passeio guiado de 1h30min, voc\u00ea vai deslizar pelas \u00e1guas calmas enquanto aprecia as primeiras luzes do dia. Ideal para todos os n\u00edveis, com equipamento incluso e fotos profissionais para registrar esse momento inesquec\u00edvel.<\/p>","protected":false},"featured_media":1598,"comment_status":"open","ping_status":"closed","template":"","meta":{"inline_featured_image":false},"product_brand":[],"product_cat":[28],"product_tag":[],"class_list":{"0":"post-14","1":"product","2":"type-product","3":"status-publish","4":"has-post-thumbnail","6":"product_cat-experiencia","8":"first","9":"instock","10":"virtual","11":"sold-individually","12":"purchasable","13":"product-type-booking"},"acf":[],"_links":{"self":[{"href":"https:\/\/dev.gladiadoressup.com.br\/es\/wp-json\/wp\/v2\/product\/14","targetHints":{"allow":["GET"]}}],"collection":[{"href":"https:\/\/dev.gladiadoressup.com.br\/es\/wp-json\/wp\/v2\/product"}],"about":[{"href":"https:\/\/dev.gladiadoressup.com.br\/es\/wp-json\/wp\/v2\/types\/product"}],"replies":[{"embeddable":true,"href":"https:\/\/dev.gladiadoressup.com.br\/es\/wp-json\/wp\/v2\/comments?post=14"}],"wp:featuredmedia":[{"embeddable":true,"href":"https:\/\/dev.gladiadoressup.com.br\/es\/wp-json\/wp\/v2\/media\/1598"}],"wp:attachment":[{"href":"https:\/\/dev.gladiadoressup.com.br\/es\/wp-json\/wp\/v2\/media?parent=14"}],"wp:term":[{"taxonomy":"product_brand","embeddable":true,"href":"https:\/\/dev.gladiadoressup.com.br\/es\/wp-json\/wp\/v2\/product_brand?post=14"},{"taxonomy":"product_cat","embeddable":true,"href":"https:\/\/dev.gladiadoressup.com.br\/es\/wp-json\/wp\/v2\/product_cat?post=14"},{"taxonomy":"product_tag","embeddable":true,"href":"https:\/\/dev.gladiadoressup.com.br\/es\/wp-json\/wp\/v2\/product_tag?post=14"}],"curies":[{"name":"wp","href":"https:\/\/api.w.org\/{rel}","templated":true}]}}